{"id":11,"date":"2025-08-26T21:54:52","date_gmt":"2025-08-26T21:54:52","guid":{"rendered":"https:\/\/lawngreen-butterfly-207896.hostingersite.com\/?page_id=11"},"modified":"2026-03-05T10:23:23","modified_gmt":"2026-03-05T10:23:23","slug":"chi-sono","status":"publish","type":"page","link":"https:\/\/ilrickyverso.it\/en\/chi-sono\/","title":{"rendered":"Welcome to the RickyVerso"},"content":{"rendered":"<p>Having a brain that constantly works at the speed of light can be the greatest blessing or the greatest curse. It depends on your perspective. On the moment.<br><\/p>\n\n\n\n<p>Today, in an age that celebrates conformism and creative flatness to please \u201cthe Algorithm\u201d\u2026 well, let&#039;s just say it&#039;s much more often a curse.<br>My name is Ricky, born in 1974.<br>And they are a bundle of unstable artistic geniuses that have been lodged in my DNA for at least 800 years.<br>(Skipping a few generations, apparently\u2026)<br>I started attending art school as a child, creating mosaics with chopped vegetables from minestrone soup. As a shy and insecure teenager, I bought a guitar thinking it would help me with girls. In reality, I became the soundtrack to the others&#039; making out.<br><\/p>\n\n\n\n<p>But the spark of the <strong>Music<\/strong>, the real one, had taken place.<br>I started composing: rock, metal, a deep love for progressive rock. But also jazz, funk, forays into pop, classical, electronic, even liturgical and cinematic music. And while I was at it, I tried to mix it all.<br>The result? The phrase that has accompanied me for thirty years:<\/p>\n\n\n\n<p><br><strong>\u201cI DON&#039;T KNOW WHAT MUSIC YOU MAKE\u201d<\/strong><\/p>\n\n\n\n<p><br>It never discouraged me. Music was always a need of mine, not a way to please other people&#039;s desires.<\/p>\n\n\n\n<p><br>With time came the <strong>Writing<\/strong>, a way to explore the intimacy of the human soul through thoughts, poems, and stories. Of course, here too: &quot;You write too long posts,&quot; &quot;You use complicated terms.&quot; Never mind.<\/p>\n\n\n\n<p><br>Then the passion for the was born <strong>Photograph<\/strong>, especially theatrical: the most complex and fascinating challenge with its lights, shadows, and movements. My faithful &quot;Nikolina&quot; follows me everywhere.<\/p>\n\n\n\n<p><br>And finally, the <strong>Drawing<\/strong>. Oddly enough, the latest addition, given its lineage. Born for fun, to give more life to my thoughts, I&#039;ve discovered that I find it easy to create in ever-changing styles.<br>Strange, right?<\/p>\n\n\n\n<p><br>In summary: we went from &quot;it&#039;s not clear what kind of music you make&quot; to...<br><strong>\u201cTHEY DON&#039;T UNDERSTAND WHAT YOU&#039;RE DOING!\u201d<\/strong><br>This space, &quot;The Rickyverse,&quot; is my response. It&#039;s my act of resistance.<br>It&#039;s the place where all these souls coexist without asking permission, where harmonies can be disharmonious. It&#039;s my home, the domain is mine, and I do as I please.<br>I write for those who love to read, not scroll.<br>Sound for those who love to listen, not just hear.<br>I photograph to capture heavy moments, not forced smiles.<br>If you find yourself caught up in this creative chaos, you&#039;re in the right place. Welcome.<br>The only person in the world I have to answer to, I married. And she&#039;s fine with that.<\/p>\n\n\n\n<figure class=\"wp-block-image size-large\"><img loading=\"lazy\" decoding=\"async\" width=\"772\" height=\"1024\" src=\"https:\/\/ilrickyverso.it\/wp-content\/uploads\/2025\/08\/IMG_0661-772x1024.jpeg\" alt=\"\" class=\"wp-image-19\" srcset=\"https:\/\/ilrickyverso.it\/wp-content\/uploads\/2025\/08\/IMG_0661-772x1024.jpeg 772w, https:\/\/ilrickyverso.it\/wp-content\/uploads\/2025\/08\/IMG_0661-226x300.jpeg 226w, https:\/\/ilrickyverso.it\/wp-content\/uploads\/2025\/08\/IMG_0661-768x1018.jpeg 768w, https:\/\/ilrickyverso.it\/wp-content\/uploads\/2025\/08\/IMG_0661-1158x1536.jpeg 1158w, https:\/\/ilrickyverso.it\/wp-content\/uploads\/2025\/08\/IMG_0661.jpeg 1206w\" sizes=\"auto, (max-width: 772px) 100vw, 772px\" \/><\/figure>","protected":false},"excerpt":{"rendered":"<p>Avere un cervello che lavora costantemente alla velocit\u00e0 della luce pu\u00f2 essere la pi\u00f9 grande benedizione o la pi\u00f9 grande maledizione. Dipende dai punti di vista. Dai momenti. Oggi, in un&#8217;epoca che celebra il conformismo e l&#8217;appiattimento creativo per compiacere &#8220;l&#8217;Algoritmo&#8221;\u2026 beh, diciamo che \u00e8 molto pi\u00f9 spesso una maledizione.Mi chiamo Ricky, classe 1974.E sono&#8230;<\/p>","protected":false},"author":2,"featured_media":0,"parent":0,"menu_order":0,"comment_status":"closed","ping_status":"closed","template":"","meta":{"_kb_optimizer_status":0,"_monsterinsights_skip_tracking":false,"_monsterinsights_sitenote_active":false,"_monsterinsights_sitenote_note":"","_monsterinsights_sitenote_category":0,"_uf_show_specific_survey":0,"_uf_disable_surveys":false,"_kad_post_transparent":"","_kad_post_title":"","_kad_post_layout":"","_kad_post_sidebar_id":"","_kad_post_content_style":"","_kad_post_vertical_padding":"","_kad_post_feature":"","_kad_post_feature_position":"","_kad_post_header":false,"_kad_post_footer":false,"_kad_post_classname":"","footnotes":""},"class_list":["post-11","page","type-page","status-publish","hentry"],"yoast_head":"<!-- This site is optimized with the Yoast SEO plugin v27.1.1 - https:\/\/yoast.com\/product\/yoast-seo-wordpress\/ -->\n<title>Benvenuti nel RickyVerso - Il RickyVerso<\/title>\n<meta name=\"description\" content=\"Mi chiamo Ricky, classe 1974: musicista, scrittore, fotografo e ammasso di geni artistici instabili. Benvenuto nel mio caos creativo.\" \/>\n<meta name=\"robots\" content=\"index, follow, max-snippet:-1, max-image-preview:large, max-video-preview:-1\" \/>\n<link rel=\"canonical\" href=\"https:\/\/ilrickyverso.it\/en\/chi-sono\/\" \/>\n<meta property=\"og:locale\" content=\"en_US\" \/>\n<meta property=\"og:type\" content=\"article\" \/>\n<meta property=\"og:title\" content=\"Benvenuti nel RickyVerso - Il RickyVerso\" \/>\n<meta property=\"og:description\" content=\"Mi chiamo Ricky, classe 1974: musicista, scrittore, fotografo e ammasso di geni artistici instabili. Benvenuto nel mio caos creativo.\" \/>\n<meta property=\"og:url\" content=\"https:\/\/ilrickyverso.it\/en\/chi-sono\/\" \/>\n<meta property=\"og:site_name\" content=\"Il RickyVerso\" \/>\n<meta property=\"article:publisher\" content=\"https:\/\/www.facebook.com\/rick.cardo.5836\" \/>\n<meta property=\"article:modified_time\" content=\"2026-03-05T10:23:23+00:00\" \/>\n<meta property=\"og:image\" content=\"https:\/\/ilrickyverso.it\/wp-content\/uploads\/2025\/08\/IMG_0661.jpeg\" \/>\n\t<meta property=\"og:image:width\" content=\"1206\" \/>\n\t<meta property=\"og:image:height\" content=\"1599\" \/>\n\t<meta property=\"og:image:type\" content=\"image\/jpeg\" \/>\n<meta name=\"twitter:card\" content=\"summary_large_image\" \/>\n<meta name=\"twitter:site\" content=\"@rickyguariento\" \/>\n<meta name=\"twitter:label1\" content=\"Est. reading time\" \/>\n\t<meta name=\"twitter:data1\" content=\"3 minutes\" \/>\n<script type=\"application\/ld+json\" class=\"yoast-schema-graph\">{\"@context\":\"https:\/\/schema.org\",\"@graph\":[{\"@type\":\"WebPage\",\"@id\":\"https:\/\/ilrickyverso.it\/chi-sono\/\",\"url\":\"https:\/\/ilrickyverso.it\/chi-sono\/\",\"name\":\"Benvenuti nel RickyVerso - Il RickyVerso\",\"isPartOf\":{\"@id\":\"https:\/\/ilrickyverso.it\/#website\"},\"primaryImageOfPage\":{\"@id\":\"https:\/\/ilrickyverso.it\/chi-sono\/#primaryimage\"},\"image\":{\"@id\":\"https:\/\/ilrickyverso.it\/chi-sono\/#primaryimage\"},\"thumbnailUrl\":\"https:\/\/ilrickyverso.it\/wp-content\/uploads\/2025\/08\/IMG_0661-772x1024.jpeg\",\"datePublished\":\"2025-08-26T21:54:52+00:00\",\"dateModified\":\"2026-03-05T10:23:23+00:00\",\"description\":\"Mi chiamo Ricky, classe 1974: musicista, scrittore, fotografo e ammasso di geni artistici instabili. Benvenuto nel mio caos creativo.\",\"breadcrumb\":{\"@id\":\"https:\/\/ilrickyverso.it\/chi-sono\/#breadcrumb\"},\"inLanguage\":\"en-US\",\"potentialAction\":[{\"@type\":\"ReadAction\",\"target\":[\"https:\/\/ilrickyverso.it\/chi-sono\/\"]}]},{\"@type\":\"ImageObject\",\"inLanguage\":\"en-US\",\"@id\":\"https:\/\/ilrickyverso.it\/chi-sono\/#primaryimage\",\"url\":\"https:\/\/ilrickyverso.it\/wp-content\/uploads\/2025\/08\/IMG_0661-772x1024.jpeg\",\"contentUrl\":\"https:\/\/ilrickyverso.it\/wp-content\/uploads\/2025\/08\/IMG_0661-772x1024.jpeg\"},{\"@type\":\"BreadcrumbList\",\"@id\":\"https:\/\/ilrickyverso.it\/chi-sono\/#breadcrumb\",\"itemListElement\":[{\"@type\":\"ListItem\",\"position\":1,\"name\":\"Home\",\"item\":\"https:\/\/ilrickyverso.it\/\"},{\"@type\":\"ListItem\",\"position\":2,\"name\":\"Benvenuti nel RickyVerso\"}]},{\"@type\":\"WebSite\",\"@id\":\"https:\/\/ilrickyverso.it\/#website\",\"url\":\"https:\/\/ilrickyverso.it\/\",\"name\":\"Il RickyVerso\",\"description\":\"Cerco la bellezza, ovunque. E se non la trovo, la creo.\",\"publisher\":{\"@id\":\"https:\/\/ilrickyverso.it\/#\/schema\/person\/d516d012a2b21c230c14cddf3809c0bc\"},\"potentialAction\":[{\"@type\":\"SearchAction\",\"target\":{\"@type\":\"EntryPoint\",\"urlTemplate\":\"https:\/\/ilrickyverso.it\/?s={search_term_string}\"},\"query-input\":{\"@type\":\"PropertyValueSpecification\",\"valueRequired\":true,\"valueName\":\"search_term_string\"}}],\"inLanguage\":\"en-US\"},{\"@type\":[\"Person\",\"Organization\"],\"@id\":\"https:\/\/ilrickyverso.it\/#\/schema\/person\/d516d012a2b21c230c14cddf3809c0bc\",\"name\":\"Ricky\",\"image\":{\"@type\":\"ImageObject\",\"inLanguage\":\"en-US\",\"@id\":\"https:\/\/ilrickyverso.it\/#\/schema\/person\/image\/\",\"url\":\"https:\/\/ilrickyverso.it\/wp-content\/uploads\/2025\/08\/cropped-DBEDE38E-3B0A-4A73-94DD-3569D38AA189.png\",\"contentUrl\":\"https:\/\/ilrickyverso.it\/wp-content\/uploads\/2025\/08\/cropped-DBEDE38E-3B0A-4A73-94DD-3569D38AA189.png\",\"width\":512,\"height\":512,\"caption\":\"Ricky\"},\"logo\":{\"@id\":\"https:\/\/ilrickyverso.it\/#\/schema\/person\/image\/\"},\"description\":\"Creativo digitale, musicista e narratore. Esploro le intersezioni tra umanit\u00e0 e tecnologia, raccontando storie di AI, musica e vita vissuta. Benvenuti nel mio disordine organizzato.\u201d\",\"sameAs\":[\"http:\/\/ilrickyverso.it\",\"https:\/\/www.facebook.com\/rick.cardo.5836\",\"https:\/\/www.instagram.com\/rickyguariento\/\",\"https:\/\/www.linkedin.com\/in\/riccardo-guariento-47707155\/\",\"https:\/\/x.com\/rickyguariento\",\"https:\/\/www.youtube.com\/@rickyguariento\"]}]}<\/script>\n<!-- \/ Yoast SEO plugin. -->","yoast_head_json":{"title":"Benvenuti nel RickyVerso - Il RickyVerso","description":"Mi chiamo Ricky, classe 1974: musicista, scrittore, fotografo e ammasso di geni artistici instabili. Benvenuto nel mio caos creativo.","robots":{"index":"index","follow":"follow","max-snippet":"max-snippet:-1","max-image-preview":"max-image-preview:large","max-video-preview":"max-video-preview:-1"},"canonical":"https:\/\/ilrickyverso.it\/en\/chi-sono\/","og_locale":"en_US","og_type":"article","og_title":"Benvenuti nel RickyVerso - Il RickyVerso","og_description":"Mi chiamo Ricky, classe 1974: musicista, scrittore, fotografo e ammasso di geni artistici instabili. Benvenuto nel mio caos creativo.","og_url":"https:\/\/ilrickyverso.it\/en\/chi-sono\/","og_site_name":"Il RickyVerso","article_publisher":"https:\/\/www.facebook.com\/rick.cardo.5836","article_modified_time":"2026-03-05T10:23:23+00:00","og_image":[{"width":1206,"height":1599,"url":"https:\/\/ilrickyverso.it\/wp-content\/uploads\/2025\/08\/IMG_0661.jpeg","type":"image\/jpeg"}],"twitter_card":"summary_large_image","twitter_site":"@rickyguariento","twitter_misc":{"Est. reading time":"3 minutes"},"schema":{"@context":"https:\/\/schema.org","@graph":[{"@type":"WebPage","@id":"https:\/\/ilrickyverso.it\/chi-sono\/","url":"https:\/\/ilrickyverso.it\/chi-sono\/","name":"Benvenuti nel RickyVerso - Il RickyVerso","isPartOf":{"@id":"https:\/\/ilrickyverso.it\/#website"},"primaryImageOfPage":{"@id":"https:\/\/ilrickyverso.it\/chi-sono\/#primaryimage"},"image":{"@id":"https:\/\/ilrickyverso.it\/chi-sono\/#primaryimage"},"thumbnailUrl":"https:\/\/ilrickyverso.it\/wp-content\/uploads\/2025\/08\/IMG_0661-772x1024.jpeg","datePublished":"2025-08-26T21:54:52+00:00","dateModified":"2026-03-05T10:23:23+00:00","description":"Mi chiamo Ricky, classe 1974: musicista, scrittore, fotografo e ammasso di geni artistici instabili. Benvenuto nel mio caos creativo.","breadcrumb":{"@id":"https:\/\/ilrickyverso.it\/chi-sono\/#breadcrumb"},"inLanguage":"en-US","potentialAction":[{"@type":"ReadAction","target":["https:\/\/ilrickyverso.it\/chi-sono\/"]}]},{"@type":"ImageObject","inLanguage":"en-US","@id":"https:\/\/ilrickyverso.it\/chi-sono\/#primaryimage","url":"https:\/\/ilrickyverso.it\/wp-content\/uploads\/2025\/08\/IMG_0661-772x1024.jpeg","contentUrl":"https:\/\/ilrickyverso.it\/wp-content\/uploads\/2025\/08\/IMG_0661-772x1024.jpeg"},{"@type":"BreadcrumbList","@id":"https:\/\/ilrickyverso.it\/chi-sono\/#breadcrumb","itemListElement":[{"@type":"ListItem","position":1,"name":"Home","item":"https:\/\/ilrickyverso.it\/"},{"@type":"ListItem","position":2,"name":"Benvenuti nel RickyVerso"}]},{"@type":"WebSite","@id":"https:\/\/ilrickyverso.it\/#website","url":"https:\/\/ilrickyverso.it\/","name":"The RickyVerse","description":"I seek beauty everywhere. And if I don&#039;t find it, I create it.","publisher":{"@id":"https:\/\/ilrickyverso.it\/#\/schema\/person\/d516d012a2b21c230c14cddf3809c0bc"},"potentialAction":[{"@type":"SearchAction","target":{"@type":"EntryPoint","urlTemplate":"https:\/\/ilrickyverso.it\/?s={search_term_string}"},"query-input":{"@type":"PropertyValueSpecification","valueRequired":true,"valueName":"search_term_string"}}],"inLanguage":"en-US"},{"@type":["Person","Organization"],"@id":"https:\/\/ilrickyverso.it\/#\/schema\/person\/d516d012a2b21c230c14cddf3809c0bc","name":"Ricky","image":{"@type":"ImageObject","inLanguage":"en-US","@id":"https:\/\/ilrickyverso.it\/#\/schema\/person\/image\/","url":"https:\/\/ilrickyverso.it\/wp-content\/uploads\/2025\/08\/cropped-DBEDE38E-3B0A-4A73-94DD-3569D38AA189.png","contentUrl":"https:\/\/ilrickyverso.it\/wp-content\/uploads\/2025\/08\/cropped-DBEDE38E-3B0A-4A73-94DD-3569D38AA189.png","width":512,"height":512,"caption":"Ricky"},"logo":{"@id":"https:\/\/ilrickyverso.it\/#\/schema\/person\/image\/"},"description":"Digital creative, musician, and storyteller. I explore the intersection of humanity and technology, telling stories of AI, music, and real life. Welcome to my organized mess.\u201d","sameAs":["http:\/\/ilrickyverso.it","https:\/\/www.facebook.com\/rick.cardo.5836","https:\/\/www.instagram.com\/rickyguariento\/","https:\/\/www.linkedin.com\/in\/riccardo-guariento-47707155\/","https:\/\/x.com\/rickyguariento","https:\/\/www.youtube.com\/@rickyguariento"]}]}},"_links":{"self":[{"href":"https:\/\/ilrickyverso.it\/en\/wp-json\/wp\/v2\/pages\/11","targetHints":{"allow":["GET"]}}],"collection":[{"href":"https:\/\/ilrickyverso.it\/en\/wp-json\/wp\/v2\/pages"}],"about":[{"href":"https:\/\/ilrickyverso.it\/en\/wp-json\/wp\/v2\/types\/page"}],"author":[{"embeddable":true,"href":"https:\/\/ilrickyverso.it\/en\/wp-json\/wp\/v2\/users\/2"}],"replies":[{"embeddable":true,"href":"https:\/\/ilrickyverso.it\/en\/wp-json\/wp\/v2\/comments?post=11"}],"version-history":[{"count":6,"href":"https:\/\/ilrickyverso.it\/en\/wp-json\/wp\/v2\/pages\/11\/revisions"}],"predecessor-version":[{"id":20,"href":"https:\/\/ilrickyverso.it\/en\/wp-json\/wp\/v2\/pages\/11\/revisions\/20"}],"wp:attachment":[{"href":"https:\/\/ilrickyverso.it\/en\/wp-json\/wp\/v2\/media?parent=11"}],"curies":[{"name":"wp","href":"https:\/\/api.w.org\/{rel}","templated":true}]}}